{"id":14,"date":"2012-09-12T18:14:04","date_gmt":"2012-09-12T17:14:04","guid":{"rendered":"http:\/\/www.embellissement-montfaucon.ch\/wp\/?page_id=14"},"modified":"2013-10-23T19:02:57","modified_gmt":"2013-10-23T18:02:57","slug":"acces","status":"publish","type":"page","link":"https:\/\/www.embellissement-montfaucon.ch\/wp\/?page_id=14","title":{"rendered":"Acc\u00e8s"},"content":{"rendered":"<p>La cabane foresti\u00e8re est situ\u00e9e sur le lieu-dit \u00ab\u00a0Deri le Slesie\u00a0\u00bb, au sud-est de Montfaucon.<br \/>\nL&rsquo;acc\u00e8s se fait depuis le Pr\u00e9-Petitjean :<\/p>\n<div id=\"attachment_26\" style=\"width: 594px\" class=\"wp-caption aligncenter\"><a href=\"http:\/\/www.embellissement-montfaucon.ch\/wp\/wp-content\/uploads\/2012\/09\/carte_acces_cabane.gif\"><img loading=\"lazy\" decoding=\"async\" aria-describedby=\"caption-attachment-26\" class=\"size-large wp-image-26\" title=\"carte_acces_cabane\" alt=\"\" src=\"http:\/\/www.embellissement-montfaucon.ch\/wp\/wp-content\/uploads\/2012\/09\/carte_acces_cabane-1024x309.gif\" width=\"584\" height=\"176\" srcset=\"https:\/\/www.embellissement-montfaucon.ch\/wp\/wp-content\/uploads\/2012\/09\/carte_acces_cabane-1024x309.gif 1024w, https:\/\/www.embellissement-montfaucon.ch\/wp\/wp-content\/uploads\/2012\/09\/carte_acces_cabane-300x90.gif 300w, https:\/\/www.embellissement-montfaucon.ch\/wp\/wp-content\/uploads\/2012\/09\/carte_acces_cabane-500x150.gif 500w, https:\/\/www.embellissement-montfaucon.ch\/wp\/wp-content\/uploads\/2012\/09\/carte_acces_cabane.gif 1348w\" sizes=\"auto, (max-width: 584px) 100vw, 584px\" \/><\/a><p id=\"caption-attachment-26\" class=\"wp-caption-text\">Acc\u00e8s \u00e0 la cabane<\/p><\/div>\n<p>&nbsp;<\/p>\n","protected":false},"excerpt":{"rendered":"<p>La cabane foresti\u00e8re est situ\u00e9e sur le lieu-dit \u00ab\u00a0Deri le Slesie\u00a0\u00bb, au sud-est de Montfaucon. L&rsquo;acc\u00e8s se fait depuis le Pr\u00e9-Petitjean : &nbsp;<\/p>\n","protected":false},"author":1,"featured_media":0,"parent":8,"menu_order":0,"comment_status":"closed","ping_status":"closed","template":"","meta":{"footnotes":""},"class_list":["post-14","page","type-page","status-publish","hentry"],"_links":{"self":[{"href":"https:\/\/www.embellissement-montfaucon.ch\/wp\/index.php?rest_route=\/wp\/v2\/pages\/14","targetHints":{"allow":["GET"]}}],"collection":[{"href":"https:\/\/www.embellissement-montfaucon.ch\/wp\/index.php?rest_route=\/wp\/v2\/pages"}],"about":[{"href":"https:\/\/www.embellissement-montfaucon.ch\/wp\/index.php?rest_route=\/wp\/v2\/types\/page"}],"author":[{"embeddable":true,"href":"https:\/\/www.embellissement-montfaucon.ch\/wp\/index.php?rest_route=\/wp\/v2\/users\/1"}],"replies":[{"embeddable":true,"href":"https:\/\/www.embellissement-montfaucon.ch\/wp\/index.php?rest_route=%2Fwp%2Fv2%2Fcomments&post=14"}],"version-history":[{"count":4,"href":"https:\/\/www.embellissement-montfaucon.ch\/wp\/index.php?rest_route=\/wp\/v2\/pages\/14\/revisions"}],"predecessor-version":[{"id":53,"href":"https:\/\/www.embellissement-montfaucon.ch\/wp\/index.php?rest_route=\/wp\/v2\/pages\/14\/revisions\/53"}],"up":[{"embeddable":true,"href":"https:\/\/www.embellissement-montfaucon.ch\/wp\/index.php?rest_route=\/wp\/v2\/pages\/8"}],"wp:attachment":[{"href":"https:\/\/www.embellissement-montfaucon.ch\/wp\/index.php?rest_route=%2Fwp%2Fv2%2Fmedia&parent=14"}],"curies":[{"name":"wp","href":"https:\/\/api.w.org\/{rel}","templated":true}]}}