{"id":267,"date":"2017-02-18T15:10:05","date_gmt":"2017-02-18T14:10:05","guid":{"rendered":"http:\/\/www.embellissement-montfaucon.ch\/wp\/?page_id=267"},"modified":"2017-11-07T23:34:30","modified_gmt":"2017-11-07T22:34:30","slug":"arbres-de-naissances","status":"publish","type":"page","link":"https:\/\/www.embellissement-montfaucon.ch\/wp\/?page_id=267","title":{"rendered":"Arbres de naissances"},"content":{"rendered":"<p>Comme le veut\u00a0 la tradition, un arbre est plant\u00e9 pour chaque nouveau-n\u00e9 de la commune. Une plantation est organis\u00e9e avec les parents et famille au mois d&rsquo;octobre. A ce jour et depuis 18 ans, pr\u00e8s d&rsquo;une centaine d&rsquo;arbre ont ainsi fait leur apparition dans nos paysages. L&rsquo;entretien de l&rsquo;arbre (taille, soins) incombe \u00e0 la famille de l&rsquo;enfant, afin qu&rsquo;il puisse le prendre en charge lui-m\u00eame une fois grand&#8230; et le cas \u00e9ch\u00e9ant, profiter des fruits.<\/p>\n<p>Ce <a href=\"https:\/\/umap.openstreetmap.fr\/en\/map\/se_arbres_nouveauxnes_98452#13\/47.2789\/7.0925\" target=\"_blank\">plan<\/a>\u00a0 recense tous les arbres plant\u00e9s depuis bient\u00f4t 20 ans. Cliquez sur \u00ab\u00a0Browse data\u00a0\u00bb en bas sous la carte pour afficher la liste compl\u00e8te. Les informations sont :<\/p>\n<p><em>ann\u00e9e\/num\u00e9ro\/pr\u00e9nom nom\/essence<\/em><\/p>\n","protected":false},"excerpt":{"rendered":"<p>Comme le veut\u00a0 la tradition, un arbre est plant\u00e9 pour chaque nouveau-n\u00e9 de la commune. Une plantation est organis\u00e9e avec les parents et famille au mois d&rsquo;octobre. A ce jour et depuis 18 ans, pr\u00e8s d&rsquo;une centaine d&rsquo;arbre ont ainsi &hellip; <a href=\"https:\/\/www.embellissement-montfaucon.ch\/wp\/?page_id=267\">Continuer la lecture <span class=\"meta-nav\">&rarr;<\/span><\/a><\/p>\n","protected":false},"author":1,"featured_media":0,"parent":78,"menu_order":0,"comment_status":"closed","ping_status":"closed","template":"","meta":{"footnotes":""},"class_list":["post-267","page","type-page","status-publish","hentry"],"_links":{"self":[{"href":"https:\/\/www.embellissement-montfaucon.ch\/wp\/index.php?rest_route=\/wp\/v2\/pages\/267","targetHints":{"allow":["GET"]}}],"collection":[{"href":"https:\/\/www.embellissement-montfaucon.ch\/wp\/index.php?rest_route=\/wp\/v2\/pages"}],"about":[{"href":"https:\/\/www.embellissement-montfaucon.ch\/wp\/index.php?rest_route=\/wp\/v2\/types\/page"}],"author":[{"embeddable":true,"href":"https:\/\/www.embellissement-montfaucon.ch\/wp\/index.php?rest_route=\/wp\/v2\/users\/1"}],"replies":[{"embeddable":true,"href":"https:\/\/www.embellissement-montfaucon.ch\/wp\/index.php?rest_route=%2Fwp%2Fv2%2Fcomments&post=267"}],"version-history":[{"count":4,"href":"https:\/\/www.embellissement-montfaucon.ch\/wp\/index.php?rest_route=\/wp\/v2\/pages\/267\/revisions"}],"predecessor-version":[{"id":275,"href":"https:\/\/www.embellissement-montfaucon.ch\/wp\/index.php?rest_route=\/wp\/v2\/pages\/267\/revisions\/275"}],"up":[{"embeddable":true,"href":"https:\/\/www.embellissement-montfaucon.ch\/wp\/index.php?rest_route=\/wp\/v2\/pages\/78"}],"wp:attachment":[{"href":"https:\/\/www.embellissement-montfaucon.ch\/wp\/index.php?rest_route=%2Fwp%2Fv2%2Fmedia&parent=267"}],"curies":[{"name":"wp","href":"https:\/\/api.w.org\/{rel}","templated":true}]}}