{"id":78,"date":"2013-10-23T19:28:08","date_gmt":"2013-10-23T18:28:08","guid":{"rendered":"http:\/\/www.embellissement-montfaucon.ch\/wp\/?page_id=78"},"modified":"2017-09-19T21:54:42","modified_gmt":"2017-09-19T20:54:42","slug":"animations","status":"publish","type":"page","link":"https:\/\/www.embellissement-montfaucon.ch\/wp\/?page_id=78","title":{"rendered":"Animations"},"content":{"rendered":"<p>Chaque ann\u00e9e, la soci\u00e9t\u00e9 organise plusieurs animations, dont certaines sont annuelles, et d&rsquo;autres occasionnelles ou uniques.<br \/>\nSortie des ain\u00e9s, souper \u00ab\u00a0Bol d&rsquo;air\u00a0\u00bb r\u00e9serv\u00e9 aux femmes du village, animation pour les enfants, St-Nicolas, Halloween, etc.<\/p>\n<p>Il y a autant des traditions \u00e0 maintenir, que de nouvelles exp\u00e9riences \u00e0 tenter, et nous sommes bien \u00e9videmment ouverts \u00e0 l&rsquo;innovation !<\/p>\n","protected":false},"excerpt":{"rendered":"<p>Chaque ann\u00e9e, la soci\u00e9t\u00e9 organise plusieurs animations, dont certaines sont annuelles, et d&rsquo;autres occasionnelles ou uniques. Sortie des ain\u00e9s, souper \u00ab\u00a0Bol d&rsquo;air\u00a0\u00bb r\u00e9serv\u00e9 aux femmes du village, animation pour les enfants, St-Nicolas, Halloween, etc. Il y a autant des traditions &hellip; <a href=\"https:\/\/www.embellissement-montfaucon.ch\/wp\/?page_id=78\">Continuer la lecture <span class=\"meta-nav\">&rarr;<\/span><\/a><\/p>\n","protected":false},"author":1,"featured_media":0,"parent":0,"menu_order":2,"comment_status":"closed","ping_status":"closed","template":"","meta":{"footnotes":""},"class_list":["post-78","page","type-page","status-publish","hentry"],"_links":{"self":[{"href":"https:\/\/www.embellissement-montfaucon.ch\/wp\/index.php?rest_route=\/wp\/v2\/pages\/78","targetHints":{"allow":["GET"]}}],"collection":[{"href":"https:\/\/www.embellissement-montfaucon.ch\/wp\/index.php?rest_route=\/wp\/v2\/pages"}],"about":[{"href":"https:\/\/www.embellissement-montfaucon.ch\/wp\/index.php?rest_route=\/wp\/v2\/types\/page"}],"author":[{"embeddable":true,"href":"https:\/\/www.embellissement-montfaucon.ch\/wp\/index.php?rest_route=\/wp\/v2\/users\/1"}],"replies":[{"embeddable":true,"href":"https:\/\/www.embellissement-montfaucon.ch\/wp\/index.php?rest_route=%2Fwp%2Fv2%2Fcomments&post=78"}],"version-history":[{"count":6,"href":"https:\/\/www.embellissement-montfaucon.ch\/wp\/index.php?rest_route=\/wp\/v2\/pages\/78\/revisions"}],"predecessor-version":[{"id":270,"href":"https:\/\/www.embellissement-montfaucon.ch\/wp\/index.php?rest_route=\/wp\/v2\/pages\/78\/revisions\/270"}],"wp:attachment":[{"href":"https:\/\/www.embellissement-montfaucon.ch\/wp\/index.php?rest_route=%2Fwp%2Fv2%2Fmedia&parent=78"}],"curies":[{"name":"wp","href":"https:\/\/api.w.org\/{rel}","templated":true}]}}